{"id":34,"date":"2017-03-26T13:56:38","date_gmt":"2017-03-26T13:56:38","guid":{"rendered":"http:\/\/jfadam.com\/appro\/PGI\/contact\/"},"modified":"2021-03-12T11:15:15","modified_gmt":"2021-03-12T16:15:15","slug":"contact","status":"publish","type":"page","link":"http:\/\/jfadam.com\/appro\/PGI\/contact\/","title":{"rendered":"Contact"},"content":{"rendered":"<p>[vc_row content_placement= &raquo;top &raquo; css= &raquo;.vc_custom_1491939414732{margin-top: -150px !important;} &raquo;][vc_column][vc_row_inner css= &raquo;.vc_custom_1491935504975{padding-top: 90px !important;padding-right: 90px !important;padding-bottom: 90px !important;padding-left: 90px !important;background-color: #ffffff !important;} &raquo;][vc_column_inner width= &raquo;1\/3&Prime;][vc_custom_heading text= &raquo;Contact &raquo; font_container= &raquo;tag:h1|text_align:left &raquo; use_theme_fonts= &raquo;yes &raquo; fit_bg_text= &raquo;0&Prime;][vc_column_text]<\/p>\n<h2>Coordonn\u00e9es<\/h2>\n<p>89, rue Alexandra<br \/>\nGranby (Qu\u00e9bec) J2G 2P4<br \/>\nT\u00e9l. : 450 372-7764<br \/>\nFax : 450 372-4391<\/p>\n<p>Vous avez des questions ou commentaires? N\u2019h\u00e9sitez pas \u00e0 nous contacter \u00e0 l\u2019adresse courriel<br \/>\n<a href=\"mailto:pgi@pierregravel.com\">pgi@pierregravel.com<\/a>.[\/vc_column_text][\/vc_column_inner][vc_column_inner width= &raquo;2\/3&Prime; css= &raquo;.vc_custom_1491935648380{margin-top: 70px !important;} &raquo;][vc_toggle title= &raquo;Planifier un \u00e9v\u00e9nement &raquo; style= &raquo;square_outline &raquo; size= &raquo;lg &raquo; open= &raquo;true &raquo; custom_font_container= &raquo;tag:h2|font_size:36px|text_align:left|line_height:36px &raquo; custom_use_theme_fonts= &raquo;yes &raquo; use_custom_heading= &raquo;true &raquo;]<div role=\"form\" class=\"wpcf7\" id=\"wpcf7-f2934-o1\" lang=\"en-US\" dir=\"ltr\">\n<div class=\"screen-reader-response\"><p role=\"status\" aria-live=\"polite\" aria-atomic=\"true\"><\/p> <ul><\/ul><\/div>\n<form action=\"\/appro\/PGI\/wp-json\/wp\/v2\/pages\/34#wpcf7-f2934-o1\" method=\"post\" class=\"wpcf7-form init\" novalidate=\"novalidate\" data-status=\"init\">\n<div style=\"display: none;\">\n<input type=\"hidden\" name=\"_wpcf7\" value=\"2934\" \/>\n<input type=\"hidden\" name=\"_wpcf7_version\" value=\"5.5.6.1\" \/>\n<input type=\"hidden\" name=\"_wpcf7_locale\" value=\"en_US\" \/>\n<input type=\"hidden\" name=\"_wpcf7_unit_tag\" value=\"wpcf7-f2934-o1\" \/>\n<input type=\"hidden\" name=\"_wpcf7_container_post\" value=\"0\" \/>\n<input type=\"hidden\" name=\"_wpcf7_posted_data_hash\" value=\"\" \/>\n<input type=\"hidden\" name=\"_wpcf7_recaptcha_response\" value=\"\" \/>\n<\/div>\n<h2>INFORMATIONS DE CONTACT<\/h2>\n<div style=\"float:left; width:45%; margin:0.5em;\">\n<label> Pr\u00e9nom*<br \/>\n    <span class=\"wpcf7-form-control-wrap your-firstname\"><input type=\"text\" name=\"your-firstname\" value=\"\" size=\"40\" class=\"wpcf7-form-control wpcf7-text wpcf7-validates-as-required\" aria-required=\"true\" aria-invalid=\"false\" \/><\/span> <\/label>\n<\/div>\n<div style=\"float:left; width:45%; margin:0.5em;\">\n<label> Nom*<br \/>\n    <span class=\"wpcf7-form-control-wrap your-name\"><input type=\"text\" name=\"your-name\" value=\"\" size=\"40\" class=\"wpcf7-form-control wpcf7-text wpcf7-validates-as-required\" aria-required=\"true\" aria-invalid=\"false\" \/><\/span> <\/label>\n<\/div>\n<div style=\"clear:both;\"><\/div>\n<div style=\"float:left; width:45%; margin:0.5em;\">\n<label> Courriel*<br \/>\n    <span class=\"wpcf7-form-control-wrap your-email\"><input type=\"email\" name=\"your-email\" value=\"\" size=\"40\" class=\"wpcf7-form-control wpcf7-text wpcf7-email wpcf7-validates-as-required wpcf7-validates-as-email\" aria-required=\"true\" aria-invalid=\"false\" \/><\/span> <\/label>\n<\/div>\n<div style=\"float:left; width:45%; margin:0.5em;\">\n<label> Nom de votre organisation<br \/>\n    <span class=\"wpcf7-form-control-wrap your-entreprise\"><input type=\"text\" name=\"your-entreprise\" value=\"\" size=\"40\" class=\"wpcf7-form-control wpcf7-text\" aria-invalid=\"false\" \/><\/span> <\/label>\n<\/div>\n<div style=\"clear:both;\"><\/div>\n<div style=\"float:left; width:45%; margin:0.5em;\">\n<label> Num\u00e9ro de t\u00e9l\u00e9phone<br \/>\n    <span class=\"wpcf7-form-control-wrap tel-154\"><input type=\"tel\" name=\"tel-154\" value=\"\" size=\"40\" class=\"wpcf7-form-control wpcf7-text wpcf7-tel wpcf7-validates-as-tel\" aria-invalid=\"false\" \/><\/span> <\/label>\n<\/div>\n<div style=\"clear:both;\"><\/div>\n<h2>INFORMATIONS SUR L'\u00c9V\u00c9NEMENT<\/h2>\n<div style=\"float:left; width:45%; margin:0.5em;\">\n<label> Nom de l'artiste<br \/>\n    <span class=\"wpcf7-form-control-wrap your-artist\"><input type=\"text\" name=\"your-artist\" value=\"\" size=\"40\" class=\"wpcf7-form-control wpcf7-text\" aria-invalid=\"false\" \/><\/span> <\/label>\n<\/div>\n<div style=\"float:left; width:45%; margin:0.5em;\">\n<label> Date de l\u2019\u00e9v\u00e9nement<br \/>\n    <span class=\"wpcf7-form-control-wrap date-500\"><input type=\"date\" name=\"date-500\" value=\"\" class=\"wpcf7-form-control wpcf7-date wpcf7-validates-as-date FullWidth\" aria-invalid=\"false\" \/><\/span> <\/label>\n<\/div>\n<div style=\"clear:both;\"><\/div>\n<div style=\"float:left; width:45%; margin:0.5em;\">\n<label> Type d\u2019\u00e9v\u00e9nement<br \/>\n    <span class=\"wpcf7-form-control-wrap Type\"><select name=\"Type\" class=\"wpcf7-form-control wpcf7-select FullWidth\" aria-invalid=\"false\"><option value=\"Salle de spectacle\">Salle de spectacle<\/option><option value=\"\u00c9v\u00e9nement corporatif\">\u00c9v\u00e9nement corporatif<\/option><option value=\"Festivals\">Festivals<\/option><option value=\"Lev\u00e9e de fonds\">Lev\u00e9e de fonds<\/option><option value=\"Autres\">Autres<\/option><\/select><\/span> <\/label>\n<\/div>\n<div style=\"float:left; width:45%; margin:0.5em;\">\n<label> Particularit\u00e9 de l'\u00e9v\u00e9nement<br \/>\n    <span class=\"wpcf7-form-control-wrap Particularite\"><select name=\"Particularite\" class=\"wpcf7-form-control wpcf7-select FullWidth\" aria-invalid=\"false\"><option value=\"Int\u00e9rieur\">Int\u00e9rieur<\/option><option value=\"Ext\u00e9rieur\">Ext\u00e9rieur<\/option><\/select><\/span> <\/label>\n<\/div>\n<div style=\"clear:both;\"><\/div>\n<div style=\"float:left; width:45%; margin:0.5em;\">\n<label> Budget<br \/>\n    <span class=\"wpcf7-form-control-wrap your-budget\"><input type=\"text\" name=\"your-budget\" value=\"\" size=\"40\" class=\"wpcf7-form-control wpcf7-text\" aria-invalid=\"false\" \/><\/span> <\/label>\n<\/div>\n<div style=\"float:left; width:45%; margin:0.5em;\">\n<label> Nombre de participants pr\u00e9vu<br \/>\n    <span class=\"wpcf7-form-control-wrap NomParticipant\"><select name=\"NomParticipant\" class=\"wpcf7-form-control wpcf7-select FullWidth\" aria-invalid=\"false\"><option value=\"0 -100\">0 -100<\/option><option value=\"100 - 500\">100 - 500<\/option><option value=\"500 - 1 000\">500 - 1 000<\/option><option value=\"1 000 - 5 000\">1 000 - 5 000<\/option><option value=\"5 000 - 10 000\">5 000 - 10 000<\/option><option value=\"10 000 et +\">10 000 et +<\/option><\/select><\/span> <\/label>\n<\/div>\n<div style=\"clear:both;\"><\/div>\n<div style=\"float:left; width:91.5%; margin:0.5em;\">\n<label> D\u2019autres pr\u00e9cisions concernant votre \u00e9v\u00e9nement<br \/>\n    <span class=\"wpcf7-form-control-wrap your-message\"><textarea name=\"your-message\" cols=\"40\" rows=\"10\" class=\"wpcf7-form-control wpcf7-textarea\" aria-invalid=\"false\"><\/textarea><\/span> <\/label>\n<\/div>\n<div style=\"clear:both;\"><\/div>\n<p><input type=\"submit\" value=\"Envoyer\" class=\"wpcf7-form-control has-spinner wpcf7-submit\" \/><\/p>\n<p style=\"display: none !important;\"><label>&#916;<textarea name=\"_wpcf7_ak_hp_textarea\" cols=\"45\" rows=\"8\" maxlength=\"100\"><\/textarea><\/label><input type=\"hidden\" id=\"ak_js_1\" name=\"_wpcf7_ak_js\" value=\"220\"\/><script>document.getElementById( \"ak_js_1\" ).setAttribute( \"value\", ( new Date() ).getTime() );<\/script><\/p><div class=\"wpcf7-response-output\" aria-hidden=\"true\"><\/div><\/form><\/div>[\/vc_toggle][vc_toggle title= &raquo;Questions ou commentaires &raquo; style= &raquo;square_outline &raquo; size= &raquo;lg &raquo; custom_font_container= &raquo;tag:h2|font_size:36px|text_align:left|line_height:36px &raquo; custom_use_theme_fonts= &raquo;yes &raquo; use_custom_heading= &raquo;true &raquo;]<div role=\"form\" class=\"wpcf7\" id=\"wpcf7-f1556-o2\" lang=\"en-US\" dir=\"ltr\">\n<div class=\"screen-reader-response\"><p role=\"status\" aria-live=\"polite\" aria-atomic=\"true\"><\/p> <ul><\/ul><\/div>\n<form action=\"\/appro\/PGI\/wp-json\/wp\/v2\/pages\/34#wpcf7-f1556-o2\" method=\"post\" class=\"wpcf7-form init\" novalidate=\"novalidate\" data-status=\"init\">\n<div style=\"display: none;\">\n<input type=\"hidden\" name=\"_wpcf7\" value=\"1556\" \/>\n<input type=\"hidden\" name=\"_wpcf7_version\" value=\"5.5.6.1\" \/>\n<input type=\"hidden\" name=\"_wpcf7_locale\" value=\"en_US\" \/>\n<input type=\"hidden\" name=\"_wpcf7_unit_tag\" value=\"wpcf7-f1556-o2\" \/>\n<input type=\"hidden\" name=\"_wpcf7_container_post\" value=\"0\" \/>\n<input type=\"hidden\" name=\"_wpcf7_posted_data_hash\" value=\"\" \/>\n<input type=\"hidden\" name=\"_wpcf7_recaptcha_response\" value=\"\" \/>\n<\/div>\n<p><label> Votre nom*<br \/>\n    <span class=\"wpcf7-form-control-wrap your-name\"><input type=\"text\" name=\"your-name\" value=\"\" size=\"40\" class=\"wpcf7-form-control wpcf7-text wpcf7-validates-as-required\" aria-required=\"true\" aria-invalid=\"false\" \/><\/span> <\/label><\/p>\n<p><label> Votre courriel*<br \/>\n    <span class=\"wpcf7-form-control-wrap your-email\"><input type=\"email\" name=\"your-email\" value=\"\" size=\"40\" class=\"wpcf7-form-control wpcf7-text wpcf7-email wpcf7-validates-as-required wpcf7-validates-as-email\" aria-required=\"true\" aria-invalid=\"false\" \/><\/span> <\/label><\/p>\n<p><label> Sujet<br \/>\n    <span class=\"wpcf7-form-control-wrap your-subject\"><input type=\"text\" name=\"your-subject\" value=\"\" size=\"40\" class=\"wpcf7-form-control wpcf7-text\" aria-invalid=\"false\" \/><\/span> <\/label><\/p>\n<p><label> Nom de l'artiste<br \/>\n    <span class=\"wpcf7-form-control-wrap your-artist\"><input type=\"text\" name=\"your-artist\" value=\"\" size=\"40\" class=\"wpcf7-form-control wpcf7-text\" aria-invalid=\"false\" \/><\/span> <\/label><\/p>\n<p><label> Votre message*<br \/>\n    <span class=\"wpcf7-form-control-wrap your-message\"><textarea name=\"your-message\" cols=\"40\" rows=\"10\" class=\"wpcf7-form-control wpcf7-textarea wpcf7-validates-as-required\" aria-required=\"true\" aria-invalid=\"false\"><\/textarea><\/span> <\/label><\/p>\n<p><input type=\"submit\" value=\"Envoyer\" class=\"wpcf7-form-control has-spinner wpcf7-submit\" \/><\/p>\n<p style=\"display: none !important;\"><label>&#916;<textarea name=\"_wpcf7_ak_hp_textarea\" cols=\"45\" rows=\"8\" maxlength=\"100\"><\/textarea><\/label><input type=\"hidden\" id=\"ak_js_2\" name=\"_wpcf7_ak_js\" value=\"57\"\/><script>document.getElementById( \"ak_js_2\" ).setAttribute( \"value\", ( new Date() ).getTime() );<\/script><\/p><div class=\"wpcf7-response-output\" aria-hidden=\"true\"><\/div><\/form><\/div>[\/vc_toggle][\/vc_column_inner][\/vc_row_inner][vc_row_inner css= &raquo;.vc_custom_1491939438873{padding-right: 90px !important;padding-bottom: 90px !important;padding-left: 90px !important;background-color: #ffffff !important;} &raquo;][vc_column_inner][vc_custom_heading text= &raquo;Recrutement &raquo; font_container= &raquo;tag:h2|font_size:2rem|text_align:center|color:%23000000|line_height:2rem &raquo; use_theme_fonts= &raquo;yes &raquo; fit_bg_text= &raquo;0&Prime;][vc_column_text css= &raquo;.vc_custom_1613600544137{border-top-width: 1px !important;border-right-width: 1px !important;border-bottom-width: 1px !important;border-left-width: 1px !important;padding-top: 20px !important;padding-right: 20px !important;padding-bottom: 40px !important;padding-left: 20px !important;background-color: #fcfcfc !important;border-left-color: #0a0a0a !important;border-left-style: dashed !important;border-right-color: #0a0a0a !important;border-right-style: dashed !important;border-top-color: #0a0a0a !important;border-top-style: dashed !important;border-bottom-color: #0a0a0a !important;border-bottom-style: dashed !important;} &raquo;]<\/p>\n<p style=\"text-align: center;\"><strong>Vous \u00eates un artiste, un producteur, un g\u00e9rant ou tout autre intervenant du milieu artistique (chanson, humour, imitation, animation, cirque, vari\u00e9t\u00e9s, conf\u00e9rence et autres) et vous souhaitez \u00eatre repr\u00e9sent\u00e9 par l\u2019\u00e9quipe de Pierre Gravel International?<\/strong><\/p>\n<p style=\"text-align: center;\">Nous vous invitons \u00e0 nous faire parvenir vos documents de pr\u00e9sentation,<br \/>\naccompagn\u00e9s de votre mat\u00e9riel\u00a0ou de celui de l\u2019artiste que vous repr\u00e9sentez,<br \/>\naux coordonn\u00e9es suivantes :<\/p>\n<p style=\"text-align: center;\"><strong>Pierre Gravel International<\/strong><br \/>\n<strong>89, rue Alexandra<\/strong><br \/>\n<strong>Granby (Qu\u00e9bec) J2G 2P4<\/strong><\/p>\n<p style=\"text-align: center;\"><a href=\"mailto:pgi@pierregravel.com\"><strong>pgi@pierregravel.com\u00a0<\/strong><\/a><\/p>\n<p style=\"text-align: center;\">Veuillez prendre note que nous ne r\u00e9pondons qu\u2019aux candidatures s\u00e9lectionn\u00e9es.<br \/>\nNous ne retournons aucun mat\u00e9riel nous ayant \u00e9t\u00e9 achemin\u00e9.<\/p>\n<p>[\/vc_column_text][\/vc_column_inner][\/vc_row_inner][\/vc_column][\/vc_row]<\/p>\n","protected":false},"excerpt":{"rendered":"<p>[vc_row content_placement= &raquo;top &raquo; css= &raquo;.vc_custom_1491939414732{margin-top: -150px !important;} &raquo;][vc_column][vc_row_inner css= &raquo;.vc_custom_1491935504975{padding-top: 90px !important;padding-right: 90px !important;padding-bottom: 90px !important;padding-left: 90px !important;background-color: #ffffff !important;} &raquo;][vc_column_inner width= &raquo;1\/3&Prime;][vc_custom_heading text= &raquo;Contact &raquo; font_container= &raquo;tag:h1|text_align:left &raquo; use_theme_fonts= &raquo;yes &raquo; fit_bg_text= &raquo;0&Prime;][vc_column_text] Coordonn\u00e9es 89, rue Alexandra Granby (Qu\u00e9bec) J2G 2P4 T\u00e9l. : 450 372-7764 Fax : 450 372-4391 Vous avez des questions ou commentaires? N\u2019h\u00e9sitez pas \u00e0 nous contacter \u00e0 l\u2019adresse courriel pgi@pierregravel.com.[\/vc_column_text][\/vc_column_inner][vc_column_inner width= &raquo;2\/3&Prime; css= &raquo;.vc_custom_1491935648380{margin-top: 70px !important;} &raquo;][vc_toggle title= &raquo;Planifier un \u00e9v\u00e9nement &raquo; style= &raquo;square_outline [&hellip;]<\/p>\n","protected":false},"author":1,"featured_media":0,"parent":0,"menu_order":10,"comment_status":"closed","ping_status":"closed","template":"","meta":[],"_links":{"self":[{"href":"http:\/\/jfadam.com\/appro\/PGI\/wp-json\/wp\/v2\/pages\/34"}],"collection":[{"href":"http:\/\/jfadam.com\/appro\/PGI\/wp-json\/wp\/v2\/pages"}],"about":[{"href":"http:\/\/jfadam.com\/appro\/PGI\/wp-json\/wp\/v2\/types\/page"}],"author":[{"embeddable":true,"href":"http:\/\/jfadam.com\/appro\/PGI\/wp-json\/wp\/v2\/users\/1"}],"replies":[{"embeddable":true,"href":"http:\/\/jfadam.com\/appro\/PGI\/wp-json\/wp\/v2\/comments?post=34"}],"version-history":[{"count":44,"href":"http:\/\/jfadam.com\/appro\/PGI\/wp-json\/wp\/v2\/pages\/34\/revisions"}],"predecessor-version":[{"id":4691,"href":"http:\/\/jfadam.com\/appro\/PGI\/wp-json\/wp\/v2\/pages\/34\/revisions\/4691"}],"wp:attachment":[{"href":"http:\/\/jfadam.com\/appro\/PGI\/wp-json\/wp\/v2\/media?parent=34"}],"curies":[{"name":"wp","href":"https:\/\/api.w.org\/{rel}","templated":true}]}}