{"id":4497,"date":"2021-02-11T23:10:26","date_gmt":"2021-02-11T23:10:26","guid":{"rendered":"http:\/\/jfadam.com\/appro\/PGI\/?page_id=4497"},"modified":"2021-02-15T14:47:18","modified_gmt":"2021-02-15T14:47:18","slug":"politique-de-confidentialite","status":"publish","type":"page","link":"http:\/\/jfadam.com\/appro\/PGI\/politique-de-confidentialite\/","title":{"rendered":"Politique de confidentialit\u00e9"},"content":{"rendered":"<p>[vc_row iron_row_type= &raquo;full_width &raquo; iron_remove_padding_medium= &raquo;tabletnopadding &raquo; iron_remove_padding_small= &raquo; &raquo; iron_overlay_pattern= &raquo; &raquo; iron_parallax= &raquo; &raquo; iron_bg_video= &raquo; &raquo; el_class= &raquo;about &raquo;][vc_column][vc_row_inner content_placement= &raquo;middle &raquo; css= &raquo;.vc_custom_1613084276351{margin-top: 5% !important;margin-right: 10% !important;margin-left: 10% !important;padding-top: 5% !important;padding-right: 5% !important;padding-bottom: 5% !important;padding-left: 5% !important;} &raquo; el_class= &raquo;whiteTxt &raquo;][vc_column_inner][vc_custom_heading text= &raquo;Politique de confidentialit\u00e9 &raquo; font_container= &raquo;tag:h1|font_size:74px|text_align:left|color:%23000000|line_height:74px &raquo; use_theme_fonts= &raquo;yes &raquo; fit_bg_text= &raquo;0&Prime;][vc_column_text]Chez Pierre Gravel International (\u00ab nous \u00bb), nous nous engageons \u00e0 pr\u00e9server la confidentialit\u00e9 et la s\u00e9curit\u00e9 des renseignements personnels qui vous concernent. C\u2019est pourquoi nous avons mis en place la pr\u00e9sente politique de confidentialit\u00e9 visant \u00e0 assurer par toutes les mesures raisonnables la protection de votre int\u00e9grit\u00e9 et votre droit de prot\u00e9ger vos renseignements personnels.<\/p>\n<p>La pr\u00e9sente politique vise \u00e0 r\u00e9gir la collecte et l\u2019utilisation de renseignements (1) sur notre site Web (https:\/\/www.pierregravel.com) et\/ou (2) que vous nous communiquez sur une base volontaire dans le cadre de votre participation \u00e0 un service quelconque offert par Pierre Gravel International, et ce, sous r\u00e9serve de tout refus que vous pourriez d\u00fbment nous exprimer \u00e0 cet \u00e9gard.<\/p>\n<h3><\/h3>\n<h3>1. <strong>APPLICATION DE LA PR\u00c9SENTE POLITIQUE<\/strong><\/h3>\n<p>Nous nous r\u00e9servons le droit de modifier notre politique en tout temps et sans pr\u00e9avis. Vous pouvez consulter en tout temps la politique applicable sur le pr\u00e9sent site. La date de la derni\u00e8re mise \u00e0 jour de la pr\u00e9sente politique de confidentialit\u00e9 est inscrite au bas de cette page.<\/p>\n<h3><\/h3>\n<h3>2. <strong>VOTRE CONSENTEMENT<\/strong><\/h3>\n<p>Le fait 1) d\u2019acc\u00e9der \u00e0 notre site Web de et\/ou 2) de nous communiquer certains renseignements personnels sur une base volontaire en ayant accept\u00e9 de vous soumettre \u00e0 la pr\u00e9sente politique de confidentialit\u00e9 signifie que vous \u00eates d\u2019accord avec la collecte, l\u2019utilisation et la communication de vos renseignements telles que d\u00e9finies dans cette politique de confidentialit\u00e9 en mati\u00e8re de renseignements personnels.<\/p>\n<h3><\/h3>\n<h3>3. <strong>RENSEIGNEMENTS RECUEILLIS <\/strong><\/h3>\n<p>Nous recueillons certains renseignements anonymes sur l\u2019utilisation de notre site Web. Seuls ou combin\u00e9s \u00e0 d\u2019autres donn\u00e9es, ces renseignements ne sont pas attribuables \u00e0 vous en tant qu\u2019individu. Ces renseignements sont recueillis afin d\u2019am\u00e9liorer le rendement du site Web et de nous aider \u00e0 identifier les caract\u00e9ristiques et les services les plus appr\u00e9ci\u00e9s des visiteurs.<\/p>\n<p>Lorsque vous visitez\u00a0pierregravel.com et interagissez avec lui, certains renseignements pourraient \u00eatre automatiquement recueillis, y compris ce qui suit :<\/p>\n<ul>\n<li>l\u2019adresse IP du visiteur;<\/li>\n<li>la date et l\u2019heure de la visite;<\/li>\n<li>le type de navigateur et de syst\u00e8me d\u2019exploitation utilis\u00e9s;<\/li>\n<li>les pages Web visit\u00e9es par vous imm\u00e9diatement avant et apr\u00e8s votre visite de pierregravel.com;<\/li>\n<li>les pages visit\u00e9es sur notre site Web;<\/li>\n<li>vos activit\u00e9s dans les conversations de la communaut\u00e9;<\/li>\n<li>de l\u2019information recueillie \u00e0 l\u2019aide de fichiers t\u00e9moin HTML et Flash, de pixels invisibles et de technologies semblables.<\/li>\n<\/ul>\n<h3><\/h3>\n<h3>4. <strong>USAGE DES RENSEIGNEMENTS RECUEILLIS<\/strong><\/h3>\n<p>Nous agr\u00e9geons et analysons les donn\u00e9es que nous recueillons afin d\u2019en apprendre plus sur la fa\u00e7on dont les utilisateurs utilisent notre Site. Nous pourrions entre autres utiliser cette information pour surveiller et analyser l\u2019utilisation de pierregravel.com, en am\u00e9liorer le fonctionnement et mieux adapter son contenu et sa conception afin de r\u00e9pondre aux besoins de nos visiteurs.<\/p>\n<p>Nous n\u2019utilisons les donn\u00e9es que pour les fins auxquelles elles ont \u00e9t\u00e9 recueillies. Vous pouvez vous opposer \u00e0 toute utilisation de vos donn\u00e9es, demander leur retrait ou encore leur modification.<\/p>\n<h3><\/h3>\n<h3><strong>5. <\/strong><strong>COMMUNICATION \u00c0 DES TIERS<\/strong><\/h3>\n<p>Nous nous engageons \u00e0 ne pas divulguer \u00e0 des tiers les renseignements personnels recueillis conform\u00e9ment \u00e0 la pr\u00e9sente politique ou de la l\u00e9gislation applicable, \u00e0 moins d\u2019obtenir votre consentement pr\u00e9alable \u00e0 cette fin ou dans certaines circonstances exceptionnelles, lorsque nous croyons de bonne foi que la loi le permet ou l\u2019exige.<\/p>\n<h3><\/h3>\n<h3><strong>6. <\/strong><strong>LIENS VERS D\u2019AUTRES SITES<\/strong><\/h3>\n<p>Ce site Web de peut contenir des liens permettant aux utilisateurs de visiter d\u2019autres sites exploit\u00e9s par d\u2019autres entreprises. Nous n\u2019assume aucune responsabilit\u00e9 en ce qui a trait aux pratiques de confidentialit\u00e9 des renseignements ni au contenu de tels sites.<\/p>\n<h3>7. T\u00c9MOINS (COOKIES)<\/h3>\n<p>Les t\u00e9moins sont de simples fichiers texte que les fureteurs web placent dans les disques durs des ordinateurs lorsque des sites sont visit\u00e9s. Les t\u00e9moins ne peuvent pas endommager les fichiers et ne peuvent pas lire l\u2019information stock\u00e9e sur le disque dur de l\u2019utilisateur. Nous utilisons les t\u00e9moins pour nous aider \u00e0 mesurer le nombre de visites, la dur\u00e9e moyenne des visites, les pages visionn\u00e9es et d\u2019autres statistiques relatives \u00e0 l\u2019utilisation de notre Site web. Nos t\u00e9moins ne posent aucun risque de s\u00e9curit\u00e9 pour vous, puisqu\u2019ils ne renferment aucun renseignement personnel, seulement une cha\u00eene de caract\u00e8res sp\u00e9ciaux qui informe le service que vous avez d\u00e9j\u00e0 utilis\u00e9 le Site web. Aucun renseignement personnel n\u2019est stock\u00e9 \u00e0 l\u2019int\u00e9rieur des t\u00e9moins. Veuillez prendre note qu\u2019il est possible que certaines caract\u00e9ristiques du Site web ne fonctionnent pas si vous n\u2019acceptez pas les t\u00e9moins. Par cons\u00e9quent, veuillez accepter tout t\u00e9moin qu\u2019envoie \u00e0 votre ordinateur. Vous pouvez d\u00e9sactiver l\u2019avertissement des t\u00e9moins en s\u00e9lectionnant certaines pr\u00e9f\u00e9rences ou options du menu de votre fureteur et en fermant le bouton d\u2019avertissement.<\/p>\n<h3><strong>8. UTILISATION INTERNATIONALE<\/strong><\/h3>\n<p>Nous ne faisons aucune d\u00e9claration en ce qui concerne le caract\u00e8re opportun ou la disponibilit\u00e9 du contenu de ce site dans des endroits hors Canada. Si vous acc\u00e9dez \u00e0 ce site d\u2019un autre endroit, vous reconnaissez que vous le faites de votre propre chef et que vous \u00eates enti\u00e8rement responsable de vous conformer aux lois locales.<\/p>\n<h3><strong>9. POUR NOUS JOINDRE<\/strong><\/h3>\n<p>Pour toute question ou pr\u00e9occupation relativement \u00e0 notre politique de confidentialit\u00e9, veuillez nous \u00e9crire au : <a href=\"mailto:pgi@pierregravel.com\">pgi@pierregravel.com<\/a>. Nous mettrons tous les efforts pour r\u00e9pondre \u00e0 votre demande le plus rapidement possible.<\/p>\n<p>Derni\u00e8re mise \u00e0 jour : 10 f\u00e9vrier 2021[\/vc_column_text][\/vc_column_inner][\/vc_row_inner][\/vc_column][\/vc_row]<\/p>\n","protected":false},"excerpt":{"rendered":"<p>[vc_row iron_row_type= &raquo;full_width &raquo; iron_remove_padding_medium= &raquo;tabletnopadding &raquo; iron_remove_padding_small= &raquo; &raquo; iron_overlay_pattern= &raquo; &raquo; iron_parallax= &raquo; &raquo; iron_bg_video= &raquo; &raquo; el_class= &raquo;about &raquo;][vc_column][vc_row_inner content_placement= &raquo;middle &raquo; css= &raquo;.vc_custom_1613084276351{margin-top: 5% !important;margin-right: 10% !important;margin-left: 10% !important;padding-top: 5% !important;padding-right: 5% !important;padding-bottom: 5% !important;padding-left: 5% !important;} &raquo; el_class= &raquo;whiteTxt &raquo;][vc_column_inner][vc_custom_heading text= &raquo;Politique de confidentialit\u00e9 &raquo; font_container= &raquo;tag:h1|font_size:74px|text_align:left|color:%23000000|line_height:74px &raquo; use_theme_fonts= &raquo;yes &raquo; fit_bg_text= &raquo;0&Prime;][vc_column_text]Chez Pierre Gravel International (\u00ab nous \u00bb), nous nous engageons \u00e0 pr\u00e9server la confidentialit\u00e9 et la s\u00e9curit\u00e9 des renseignements personnels qui vous concernent. [&hellip;]<\/p>\n","protected":false},"author":1,"featured_media":0,"parent":0,"menu_order":0,"comment_status":"closed","ping_status":"closed","template":"","meta":[],"_links":{"self":[{"href":"http:\/\/jfadam.com\/appro\/PGI\/wp-json\/wp\/v2\/pages\/4497"}],"collection":[{"href":"http:\/\/jfadam.com\/appro\/PGI\/wp-json\/wp\/v2\/pages"}],"about":[{"href":"http:\/\/jfadam.com\/appro\/PGI\/wp-json\/wp\/v2\/types\/page"}],"author":[{"embeddable":true,"href":"http:\/\/jfadam.com\/appro\/PGI\/wp-json\/wp\/v2\/users\/1"}],"replies":[{"embeddable":true,"href":"http:\/\/jfadam.com\/appro\/PGI\/wp-json\/wp\/v2\/comments?post=4497"}],"version-history":[{"count":3,"href":"http:\/\/jfadam.com\/appro\/PGI\/wp-json\/wp\/v2\/pages\/4497\/revisions"}],"predecessor-version":[{"id":4507,"href":"http:\/\/jfadam.com\/appro\/PGI\/wp-json\/wp\/v2\/pages\/4497\/revisions\/4507"}],"wp:attachment":[{"href":"http:\/\/jfadam.com\/appro\/PGI\/wp-json\/wp\/v2\/media?parent=4497"}],"curies":[{"name":"wp","href":"https:\/\/api.w.org\/{rel}","templated":true}]}}